{"id":748,"date":"2016-03-10T18:52:12","date_gmt":"2016-03-10T18:52:12","guid":{"rendered":"https:\/\/default.houzez.co\/?page_id=748"},"modified":"2025-07-23T16:15:08","modified_gmt":"2025-07-23T16:15:08","slug":"privacy","status":"publish","type":"page","link":"https:\/\/www.tophill.pt\/pt\/privacy\/","title":{"rendered":"Pol\u00edtica de Privacidade"},"content":{"rendered":"<div data-elementor-type=\"wp-page\" data-elementor-id=\"748\" class=\"elementor elementor-748\">\n\t\t\t\t<div class=\"elementor-element elementor-element-75fc1510 e-flex e-con-boxed e-con e-parent\" data-id=\"75fc1510\" data-element_type=\"container\">\n\t\t\t\t\t<div class=\"e-con-inner\">\n\t\t\t\t<div class=\"elementor-element elementor-element-77b3a16f elementor-widget elementor-widget-text-editor\" data-id=\"77b3a16f\" data-element_type=\"widget\" data-widget_type=\"text-editor.default\">\n\t\t\t\t<div class=\"elementor-widget-container\">\n\t\t\t\t\t\t\t\t\t<p>A Top Hill Real Estate est\u00e1 empenhada em proteger os seus dados pessoais. Qualquer informa\u00e7\u00e3o recolhida atrav\u00e9s deste site \u00e9 utilizada exclusivamente para comunica\u00e7\u00e3o, atualiza\u00e7\u00f5es de servi\u00e7os e consultas relacionadas com im\u00f3veis.<br \/><br \/>N\u00e3o partilhamos os seus dados com terceiros sem o seu consentimento. Pode solicitar a atualiza\u00e7\u00e3o ou elimina\u00e7\u00e3o das suas informa\u00e7\u00f5es pessoais a qualquer momento, de acordo com o Regulamento Geral de Prote\u00e7\u00e3o de Dados (RGPD).<\/p>\t\t\t\t\t\t\t\t<\/div>\n\t\t\t\t<\/div>\n\t\t\t\t\t<\/div>\n\t\t\t\t<\/div>\n\t\t\t\t<\/div>","protected":false},"excerpt":{"rendered":"<p>Top Hill Real Estate is committed to safeguarding your personal data. Any information collected via this website is used solely for communication, service updates, and property-related inquiries. We do not share your data with third parties without your consent. You may request to update or delete your personal information at any time, in accordance with [&hellip;]<\/p>","protected":false},"author":1,"featured_media":0,"parent":0,"menu_order":0,"comment_status":"closed","ping_status":"closed","template":"template\/template-page.php","meta":{"footnotes":""},"class_list":["post-748","page","type-page","status-publish","hentry"],"_links":{"self":[{"href":"https:\/\/www.tophill.pt\/pt\/wp-json\/wp\/v2\/pages\/748","targetHints":{"allow":["GET"]}}],"collection":[{"href":"https:\/\/www.tophill.pt\/pt\/wp-json\/wp\/v2\/pages"}],"about":[{"href":"https:\/\/www.tophill.pt\/pt\/wp-json\/wp\/v2\/types\/page"}],"author":[{"embeddable":true,"href":"https:\/\/www.tophill.pt\/pt\/wp-json\/wp\/v2\/users\/1"}],"replies":[{"embeddable":true,"href":"https:\/\/www.tophill.pt\/pt\/wp-json\/wp\/v2\/comments?post=748"}],"version-history":[{"count":4,"href":"https:\/\/www.tophill.pt\/pt\/wp-json\/wp\/v2\/pages\/748\/revisions"}],"predecessor-version":[{"id":18532,"href":"https:\/\/www.tophill.pt\/pt\/wp-json\/wp\/v2\/pages\/748\/revisions\/18532"}],"wp:attachment":[{"href":"https:\/\/www.tophill.pt\/pt\/wp-json\/wp\/v2\/media?parent=748"}],"curies":[{"name":"wp","href":"https:\/\/api.w.org\/{rel}","templated":true}]}}