{"id":745,"date":"2016-03-10T18:51:46","date_gmt":"2016-03-10T18:51:46","guid":{"rendered":"https:\/\/default.houzez.co\/?page_id=745"},"modified":"2025-07-23T16:16:48","modified_gmt":"2025-07-23T16:16:48","slug":"terms-and-conditions","status":"publish","type":"page","link":"https:\/\/www.tophill.pt\/pt\/terms-and-conditions\/","title":{"rendered":"Termos e Condi\u00e7\u00f5es"},"content":{"rendered":"<div data-elementor-type=\"wp-page\" data-elementor-id=\"745\" class=\"elementor elementor-745\">\n\t\t\t\t<div class=\"elementor-element elementor-element-48f6e3df e-flex e-con-boxed e-con e-parent\" data-id=\"48f6e3df\" data-element_type=\"container\">\n\t\t\t\t\t<div class=\"e-con-inner\">\n\t\t\t\t<div class=\"elementor-element elementor-element-1949219e elementor-widget elementor-widget-text-editor\" data-id=\"1949219e\" data-element_type=\"widget\" data-widget_type=\"text-editor.default\">\n\t\t\t\t<div class=\"elementor-widget-container\">\n\t\t\t\t\t\t\t\t\t<p>Ao utilizar este site, concorda com os termos e condi\u00e7\u00f5es aqui descritos. A Top Hill reserva-se o direito de atualizar o conte\u00fado e as pol\u00edticas sem aviso pr\u00e9vio. Todo o conte\u00fado visual, escrito e propriet\u00e1rio \u00e9 propriedade intelectual da Top Hill Real Estate e n\u00e3o pode ser reproduzido sem autoriza\u00e7\u00e3o por escrito.<\/p><p>Para quest\u00f5es relativas \u00e0 privacidade de dados ou termos legais, por favor contacte: [geral@tophill.pt]<\/p>\t\t\t\t\t\t\t\t<\/div>\n\t\t\t\t<\/div>\n\t\t\t\t\t<\/div>\n\t\t\t\t<\/div>\n\t\t\t\t<\/div>","protected":false},"excerpt":{"rendered":"<p>By using this website, you agree to the terms and conditions outlined herein. Top Hill reserves the right to update content and policies without prior notice. All visual, written, and proprietary content is the intellectual property of Top Hill Real Estate and may not be reproduced without written permission. For inquiries regarding data privacy or [&hellip;]<\/p>","protected":false},"author":1,"featured_media":0,"parent":0,"menu_order":0,"comment_status":"closed","ping_status":"closed","template":"","meta":{"footnotes":""},"class_list":["post-745","page","type-page","status-publish","hentry"],"_links":{"self":[{"href":"https:\/\/www.tophill.pt\/pt\/wp-json\/wp\/v2\/pages\/745","targetHints":{"allow":["GET"]}}],"collection":[{"href":"https:\/\/www.tophill.pt\/pt\/wp-json\/wp\/v2\/pages"}],"about":[{"href":"https:\/\/www.tophill.pt\/pt\/wp-json\/wp\/v2\/types\/page"}],"author":[{"embeddable":true,"href":"https:\/\/www.tophill.pt\/pt\/wp-json\/wp\/v2\/users\/1"}],"replies":[{"embeddable":true,"href":"https:\/\/www.tophill.pt\/pt\/wp-json\/wp\/v2\/comments?post=745"}],"version-history":[{"count":3,"href":"https:\/\/www.tophill.pt\/pt\/wp-json\/wp\/v2\/pages\/745\/revisions"}],"predecessor-version":[{"id":18535,"href":"https:\/\/www.tophill.pt\/pt\/wp-json\/wp\/v2\/pages\/745\/revisions\/18535"}],"wp:attachment":[{"href":"https:\/\/www.tophill.pt\/pt\/wp-json\/wp\/v2\/media?parent=745"}],"curies":[{"name":"wp","href":"https:\/\/api.w.org\/{rel}","templated":true}]}}